{"id":7820,"date":"2023-05-18T15:02:38","date_gmt":"2023-05-18T13:02:38","guid":{"rendered":"https:\/\/www.beberet.com\/produit\/cap-sheitel-black-double-layer\/"},"modified":"2023-07-19T15:34:56","modified_gmt":"2023-07-19T13:34:56","slug":"bonnet-cap-toque-black-double-layer","status":"publish","type":"product","link":"https:\/\/www.beberet.com\/en\/produit\/bonnet-cap-toque-black-double-layer\/","title":{"rendered":"BONNET &#8220;TOQUE&#8221; NOIR"},"content":{"rendered":"<p>Bonnet &#8220;TOQUE&#8221; de couleur noir doubl\u00e9 pour plus de confort, assise et chaleur.<\/p>\n<p>Bonnet moderne en maille exclusive qui pourra \u00eatre assorti avec toutes vos tenues et ses bandes interchangeables (vendues s\u00e9par\u00e9ment).<\/p>\n<p>Bonnet fabriqu\u00e9 en Europe.<\/p>\n<p>Composition : 50% coton + 50% acrylique.<\/p>\n<p>Tr\u00e8s bonne \u00e9lasticit\u00e9.<\/p>\n<p>Taille Unique.<\/p>\n<p>Condition d\u2019entretien : Lavage \u00e0 la main et eau froide.<\/p>\n","protected":false},"excerpt":{"rendered":"<p>Bonnet &#8220;TOQUE&#8221; de couleur noir doubl\u00e9 pour plus de confort, assise et chaleur.<\/p>\n<p>Bonnet moderne en maille exclusive qui pourra \u00eatre assorti avec toutes vos tenues et ses bandes interchangeables (vendues s\u00e9par\u00e9ment).<\/p>\n<p>Bonnet fabriqu\u00e9 en Europe.<\/p>\n<p>Composition : 50% coton + 50% acrylique.<\/p>\n<p>Tr\u00e8s bonne \u00e9lasticit\u00e9.<\/p>\n<p>Taille Unique.<\/p>\n<p>Condition d\u2019entretien : Lavage \u00e0 la main et eau froide.<\/p>\n","protected":false},"featured_media":7815,"comment_status":"open","ping_status":"closed","template":"","meta":{"_et_pb_use_builder":"","_et_pb_old_content":"","_et_gb_content_width":""},"product_brand":[],"product_cat":[87,98,90],"product_tag":[],"class_list":{"0":"post-7820","1":"product","2":"type-product","3":"status-publish","4":"has-post-thumbnail","6":"product_cat-beret-chic-en","7":"product_cat-bonnet-en-maille-en","8":"product_cat-outlet","10":"first","11":"instock","12":"sale","13":"shipping-taxable","14":"purchasable","15":"product-type-simple"},"_links":{"self":[{"href":"https:\/\/www.beberet.com\/en\/wp-json\/wp\/v2\/product\/7820","targetHints":{"allow":["GET"]}}],"collection":[{"href":"https:\/\/www.beberet.com\/en\/wp-json\/wp\/v2\/product"}],"about":[{"href":"https:\/\/www.beberet.com\/en\/wp-json\/wp\/v2\/types\/product"}],"replies":[{"embeddable":true,"href":"https:\/\/www.beberet.com\/en\/wp-json\/wp\/v2\/comments?post=7820"}],"wp:featuredmedia":[{"embeddable":true,"href":"https:\/\/www.beberet.com\/en\/wp-json\/wp\/v2\/media\/7815"}],"wp:attachment":[{"href":"https:\/\/www.beberet.com\/en\/wp-json\/wp\/v2\/media?parent=7820"}],"wp:term":[{"taxonomy":"product_brand","embeddable":true,"href":"https:\/\/www.beberet.com\/en\/wp-json\/wp\/v2\/product_brand?post=7820"},{"taxonomy":"product_cat","embeddable":true,"href":"https:\/\/www.beberet.com\/en\/wp-json\/wp\/v2\/product_cat?post=7820"},{"taxonomy":"product_tag","embeddable":true,"href":"https:\/\/www.beberet.com\/en\/wp-json\/wp\/v2\/product_tag?post=7820"}],"curies":[{"name":"wp","href":"https:\/\/api.w.org\/{rel}","templated":true}]}}