{"id":7971,"date":"2023-05-18T15:02:16","date_gmt":"2023-05-18T13:02:16","guid":{"rendered":"https:\/\/www.beberet.com\/produit\/beretdiore-jersey-knit-blue-navy-o28cm-11in\/"},"modified":"2025-12-29T18:37:25","modified_gmt":"2025-12-29T17:37:25","slug":"beretdiore-jersey-knit-blue-navy-o28cm-11in","status":"publish","type":"product","link":"https:\/\/www.beberet.com\/en\/produit\/beretdiore-jersey-knit-blue-navy-o28cm-11in\/","title":{"rendered":"B\u00c9RET &#8220;DIORE&#8221; BLEU MARINE EN MAILLE JERSEY"},"content":{"rendered":"<p><span lang=\"FR\">B\u00e9ret &#8220;Diore&#8221; en jersey de couleur bleu marine. <\/span><\/p>\n<p><span lang=\"\">B\u00e9ret moderne en maille tirant toute son inspiration du B\u00e9ret Fran\u00e7ais traditionnel.<\/span><\/p>\n<p>B\u00e9ret fabriqu\u00e9 en Europe.<\/p>\n<p>Mati\u00e8re: 100% coton.<\/p>\n<p><span lang=\"\">Tr\u00e8s bonne \u00e9lasticit\u00e9.<\/span><\/p>\n<p>Taille Unique de diam\u00e8tre environ 28 cm.<\/p>\n<p><span lang=\"\">Condition d\u2019entretien : Lavage \u00e0 la main et eau froide.<\/span><\/p>\n","protected":false},"excerpt":{"rendered":"<p><span lang=\"FR\">B\u00e9ret &#8220;Diore&#8221; en jersey de couleur bleu marine. <\/span><\/p>\n<p><span lang=\"\">B\u00e9ret moderne en maille tirant toute son inspiration du B\u00e9ret Fran\u00e7ais traditionnel.<\/span><\/p>\n<p>B\u00e9ret fabriqu\u00e9 en Europe.<\/p>\n<p>Mati\u00e8re: 100% coton.<\/p>\n<p><span lang=\"\">Tr\u00e8s bonne \u00e9lasticit\u00e9.<\/span><\/p>\n<p>Taille Unique de diam\u00e8tre environ 28 cm.<\/p>\n<p><span lang=\"\">Condition d\u2019entretien : Lavage \u00e0 la main et eau froide.<\/span><\/p>\n","protected":false},"featured_media":7973,"comment_status":"open","ping_status":"closed","template":"","meta":{"_et_pb_use_builder":"","_et_pb_old_content":"","_et_gb_content_width":""},"product_brand":[],"product_cat":[28,54,106,91],"product_tag":[],"class_list":{"0":"post-7971","1":"product","2":"type-product","3":"status-publish","4":"has-post-thumbnail","6":"product_cat-beret-knitted-en","7":"product_cat-beret-urban-en","8":"product_cat-berets-en","9":"product_cat-outlet-en","11":"first","12":"instock","13":"sale","14":"shipping-taxable","15":"purchasable","16":"product-type-simple"},"_links":{"self":[{"href":"https:\/\/www.beberet.com\/en\/wp-json\/wp\/v2\/product\/7971","targetHints":{"allow":["GET"]}}],"collection":[{"href":"https:\/\/www.beberet.com\/en\/wp-json\/wp\/v2\/product"}],"about":[{"href":"https:\/\/www.beberet.com\/en\/wp-json\/wp\/v2\/types\/product"}],"replies":[{"embeddable":true,"href":"https:\/\/www.beberet.com\/en\/wp-json\/wp\/v2\/comments?post=7971"}],"wp:featuredmedia":[{"embeddable":true,"href":"https:\/\/www.beberet.com\/en\/wp-json\/wp\/v2\/media\/7973"}],"wp:attachment":[{"href":"https:\/\/www.beberet.com\/en\/wp-json\/wp\/v2\/media?parent=7971"}],"wp:term":[{"taxonomy":"product_brand","embeddable":true,"href":"https:\/\/www.beberet.com\/en\/wp-json\/wp\/v2\/product_brand?post=7971"},{"taxonomy":"product_cat","embeddable":true,"href":"https:\/\/www.beberet.com\/en\/wp-json\/wp\/v2\/product_cat?post=7971"},{"taxonomy":"product_tag","embeddable":true,"href":"https:\/\/www.beberet.com\/en\/wp-json\/wp\/v2\/product_tag?post=7971"}],"curies":[{"name":"wp","href":"https:\/\/api.w.org\/{rel}","templated":true}]}}