{"id":9737,"date":"2025-06-09T13:38:14","date_gmt":"2025-06-09T11:38:14","guid":{"rendered":"https:\/\/www.beberet.com\/produit\/beret-opera-noir-bandes-camel-et-gris-copie\/"},"modified":"2025-12-29T18:47:34","modified_gmt":"2025-12-29T17:47:34","slug":"beret-opera-noir-bandes-camel-et-gris-copie","status":"publish","type":"product","link":"https:\/\/www.beberet.com\/en\/produit\/beret-opera-noir-bandes-camel-et-gris-copie\/","title":{"rendered":"B\u00c9RET &#8220;OPERA&#8221; NOIR &amp; BANDES CAMEL ET GRIS"},"content":{"rendered":"<p><span lang=\"FR\">B\u00e9ret &#8220;OP\u00c9RA&#8221; de couleur noir avec des bandes en relief de couleur Camel et Gris. <\/span><\/p>\n<p><span lang=\"FR\">B\u00e9ret moderne en maille tirant toute son inspiration du B\u00e9ret Fran\u00e7ais traditionnel.<\/span><\/p>\n<p>B\u00e9ret fabriqu\u00e9 en Europe.<\/p>\n<p>Mati\u00e8re: 100% coton.<\/p>\n<p><span lang=\"\">Tr\u00e8s bonne \u00e9lasticit\u00e9.<\/span><\/p>\n<p>Taille Unique de diam\u00e8tre environ &#8211; \u00d828CM &#8211; 11in.<\/p>\n<p><span lang=\"\">Condition d\u2019entretien : Lavage \u00e0 la main et eau froide.<\/span><\/p>\n","protected":false},"excerpt":{"rendered":"<p><span lang=\"FR\">B\u00e9ret &#8220;OP\u00c9RA&#8221; de couleur noir avec des bandes en relief de couleur camel et gris. <\/span><\/p>\n<p><span lang=\"FR\">B\u00e9ret moderne en maille tirant toute son inspiration du B\u00e9ret Fran\u00e7ais traditionnel.<\/span><\/p>\n<p>B\u00e9ret fabriqu\u00e9 en Europe.<\/p>\n<p>Mati\u00e8re: 100% coton.<\/p>\n<p><span lang=\"\">Tr\u00e8s bonne \u00e9lasticit\u00e9.<\/span><\/p>\n<p>Taille Unique de diam\u00e8tre environ &#8211; \u00d828CM &#8211; 11in.<\/p>\n<p><span lang=\"\">Condition d\u2019entretien : Lavage \u00e0 la main et eau froide.<\/span><\/p>\n","protected":false},"featured_media":9714,"comment_status":"open","ping_status":"closed","template":"","meta":{"_et_pb_use_builder":"","_et_pb_old_content":"","_et_gb_content_width":""},"product_brand":[],"product_cat":[87,28],"product_tag":[],"class_list":{"0":"post-9737","1":"product","2":"type-product","3":"status-publish","4":"has-post-thumbnail","6":"product_cat-beret-chic-en","7":"product_cat-beret-knitted-en","9":"first","10":"instock","11":"shipping-taxable","12":"purchasable","13":"product-type-simple"},"_links":{"self":[{"href":"https:\/\/www.beberet.com\/en\/wp-json\/wp\/v2\/product\/9737","targetHints":{"allow":["GET"]}}],"collection":[{"href":"https:\/\/www.beberet.com\/en\/wp-json\/wp\/v2\/product"}],"about":[{"href":"https:\/\/www.beberet.com\/en\/wp-json\/wp\/v2\/types\/product"}],"replies":[{"embeddable":true,"href":"https:\/\/www.beberet.com\/en\/wp-json\/wp\/v2\/comments?post=9737"}],"wp:featuredmedia":[{"embeddable":true,"href":"https:\/\/www.beberet.com\/en\/wp-json\/wp\/v2\/media\/9714"}],"wp:attachment":[{"href":"https:\/\/www.beberet.com\/en\/wp-json\/wp\/v2\/media?parent=9737"}],"wp:term":[{"taxonomy":"product_brand","embeddable":true,"href":"https:\/\/www.beberet.com\/en\/wp-json\/wp\/v2\/product_brand?post=9737"},{"taxonomy":"product_cat","embeddable":true,"href":"https:\/\/www.beberet.com\/en\/wp-json\/wp\/v2\/product_cat?post=9737"},{"taxonomy":"product_tag","embeddable":true,"href":"https:\/\/www.beberet.com\/en\/wp-json\/wp\/v2\/product_tag?post=9737"}],"curies":[{"name":"wp","href":"https:\/\/api.w.org\/{rel}","templated":true}]}}