{"id":9746,"date":"2025-06-09T14:01:56","date_gmt":"2025-06-09T12:01:56","guid":{"rendered":"https:\/\/www.beberet.com\/?post_type=product&#038;p=9746"},"modified":"2025-12-29T18:39:43","modified_gmt":"2025-12-29T17:39:43","slug":"beret-princesse-noir-double-lurex-noir","status":"publish","type":"product","link":"https:\/\/www.beberet.com\/en\/produit\/beret-princesse-noir-double-lurex-noir\/","title":{"rendered":"B\u00c9RET &#8220;PRINCESSE&#8221; NOIR DOUBL\u00c9 AVEC LUREX NOIR"},"content":{"rendered":"<p><span lang=\"FR\">B\u00e9ret &#8220;PRINCESSE&#8221; de couleur noir \u00e9caill\u00e9 sur son plateau avec double \u00e9paisseur et fil lurex noir. <\/span><\/p>\n<p>B\u00e9ret moderne en maille tirant toute son inspiration du B\u00e9ret Fran\u00e7ais traditionnel.<\/p>\n<p>B\u00e9ret fabriqu\u00e9 en Europe.<\/p>\n<p>Mati\u00e8re: 100% coton.<\/p>\n<p><span lang=\"\">Tr\u00e8s bonne \u00e9lasticit\u00e9.<\/span><\/p>\n<p>Taille Unique de diam\u00e8tre environ &#8211; \u00d829CM &#8211; 11,41in.<\/p>\n<p><span lang=\"\">Condition d\u2019entretien : Lavage \u00e0 la main et eau froide.<\/span><\/p>\n","protected":false},"excerpt":{"rendered":"<p><span lang=\"FR\">B\u00e9ret &#8220;PRINCESSE&#8221; de couleur noir \u00e9caill\u00e9 sur son plateau avec double \u00e9paisseur et fil lurex noir.\u00a0<\/span><\/p>\n<p>B\u00e9ret moderne en maille tirant toute son inspiration du B\u00e9ret Fran\u00e7ais traditionnel.<\/p>\n<p>B\u00e9ret fabriqu\u00e9 en Europe.<\/p>\n<p>Mati\u00e8re: 100% coton.<\/p>\n<p><span lang=\"\">Tr\u00e8s bonne \u00e9lasticit\u00e9.<\/span><\/p>\n<p>Taille Unique de diam\u00e8tre environ &#8211; \u00d829CM &#8211; 11,41in.<\/p>\n<p><span lang=\"\">Condition d\u2019entretien : Lavage \u00e0 la main et eau froide.<\/span><\/p>\n","protected":false},"featured_media":9741,"comment_status":"open","ping_status":"closed","template":"","meta":{"_et_pb_use_builder":"","_et_pb_old_content":"","_et_gb_content_width":""},"product_brand":[],"product_cat":[88,28],"product_tag":[],"class_list":{"0":"post-9746","1":"product","2":"type-product","3":"status-publish","4":"has-post-thumbnail","6":"product_cat-beret-exclusif-en","7":"product_cat-beret-knitted-en","9":"first","10":"instock","11":"shipping-taxable","12":"purchasable","13":"product-type-simple"},"_links":{"self":[{"href":"https:\/\/www.beberet.com\/en\/wp-json\/wp\/v2\/product\/9746","targetHints":{"allow":["GET"]}}],"collection":[{"href":"https:\/\/www.beberet.com\/en\/wp-json\/wp\/v2\/product"}],"about":[{"href":"https:\/\/www.beberet.com\/en\/wp-json\/wp\/v2\/types\/product"}],"replies":[{"embeddable":true,"href":"https:\/\/www.beberet.com\/en\/wp-json\/wp\/v2\/comments?post=9746"}],"wp:featuredmedia":[{"embeddable":true,"href":"https:\/\/www.beberet.com\/en\/wp-json\/wp\/v2\/media\/9741"}],"wp:attachment":[{"href":"https:\/\/www.beberet.com\/en\/wp-json\/wp\/v2\/media?parent=9746"}],"wp:term":[{"taxonomy":"product_brand","embeddable":true,"href":"https:\/\/www.beberet.com\/en\/wp-json\/wp\/v2\/product_brand?post=9746"},{"taxonomy":"product_cat","embeddable":true,"href":"https:\/\/www.beberet.com\/en\/wp-json\/wp\/v2\/product_cat?post=9746"},{"taxonomy":"product_tag","embeddable":true,"href":"https:\/\/www.beberet.com\/en\/wp-json\/wp\/v2\/product_tag?post=9746"}],"curies":[{"name":"wp","href":"https:\/\/api.w.org\/{rel}","templated":true}]}}